{"id":409,"date":"2021-01-07T14:46:26","date_gmt":"2021-01-07T12:46:26","guid":{"rendered":"https:\/\/www.grupodoutai.es\/?page_id=409"},"modified":"2025-11-19T16:28:54","modified_gmt":"2025-11-19T14:28:54","slug":"servicios-2","status":"publish","type":"page","link":"https:\/\/www.grupodoutai.es\/?page_id=409","title":{"rendered":"Servicios"},"content":{"rendered":"<div id=\"cs-content\" class=\"cs-content\"><div id=\"x-section-1\" class=\"x-section\" style=\"margin: 0px;padding: 0px 0px 65px; background-color: transparent;\" ><div id=\"\" class=\"x-container max width\" style=\"margin: 0px auto;padding: 0px;\" ><div id=\"\" class=\"x-container max width\" style=\"margin: 0px auto;padding: 0px;\" ><\/div><div  class=\"x-column x-sm x-1-1\" style=\"padding: 0px;\" >&nbsp;<\/div><\/div><div id=\"\" class=\"x-container max width\" style=\"margin: 0px auto;padding: 0px;\" ><div  class=\"x-column x-sm x-1-2\" style=\"padding: 25px 0px 0px;\" ><div id=\"\" class=\"x-text cs-ta-justify servicios-text\" style=\"\" ><p>Gracias a mas de 20 a\u00f1os de experiencia y nuestra red de Partners, podemos aportar una visi\u00f3n global y gesti\u00f3n unificada de proyectos, reduciendo tiempos de implementaci\u00f3n y costes.<\/p>\n<p>Dise\u00f1amos, supervisamos, implantamos y realizamos la puesta en marcha de sus proyectos clave.<\/p>\n<\/div><\/div><div  class=\"x-column x-sm cs-ta-center x-1-2\" style=\"padding: 50px 0px 0px;\" ><span class=\"x-image e409-e10 mbd-0\"><img decoding=\"async\" src=\"https:\/\/www.grupodoutai.es\/wp-content\/uploads\/2021\/01\/gestion-de-proyectos.jpg\" width=\"512\" height=\"195\" alt=\"Image\" loading=\"lazy\"><\/span><\/div><\/div><\/div><div id=\"x-section-2\" class=\"x-section\" style=\"margin: 0px;padding: 65px 0px; background-color: transparent;\" ><div id=\"\" class=\"x-container max width\" style=\"margin: 0px auto;padding: 0px;\" ><div id=\"\" class=\"x-container max width\" style=\"margin: 0px auto;padding: 0px;\" ><\/div><div  class=\"x-column x-sm x-1-1\" style=\"padding: 0px;\" >&nbsp;<\/div><\/div><div id=\"\" class=\"x-container max width\" style=\"margin: 0px auto;padding: 0px;\" ><div  class=\"x-column x-sm x-1-2\" style=\"padding: 25px 0px 0px;\" ><div id=\"\" class=\"x-text cs-ta-justify servicios-text\" style=\"\" ><p>Como operador autorizado por la Comisi\u00f3n Nacional de los Mercados y la Competencia, ponemos a su disposicion las ventajas de la telefon\u00eda IP.<br \/>\nPuede obtener ahorros superiores al 50% respecto a la telefon\u00eda tradicional cuyas redes ya est\u00e1n siendo retiradas y abandonadas por los principales operadores.<br \/>\nObtenga todas las ventajas de trabajar a trav\u00e9s de SIP Trunk en lugar de las obsoletas RDSI o RTB.<\/p>\n<p>Ponemos a su disposici\u00f3n centralitas IP, Hibridas o Cloud para cubrir de la manera mas eficiente sus necesidades.<\/p>\n<\/div><\/div><div  class=\"x-column x-sm cs-ta-center x-1-2\" style=\"padding: 25px 0px 0px;\" ><img decoding=\"async\"  class=\"x-img x-img-none\" style=\"width:200px;padding:20px;\" src=\"https:\/\/www.grupodoutai.es\/wp-content\/uploads\/2021\/01\/alcatel-logo.png\" ><img decoding=\"async\"  class=\"x-img x-img-none\" style=\"width:220px;padding:20px;\" src=\"https:\/\/www.grupodoutai.es\/wp-content\/uploads\/2021\/01\/alcatel-ip-300g.png\" ><img decoding=\"async\"  class=\"x-img x-img-none\" style=\"width:220px;padding:20px;\" src=\"https:\/\/www.grupodoutai.es\/wp-content\/uploads\/2021\/01\/asterisk.png\" ><img decoding=\"async\"  class=\"x-img x-img-none\" style=\"width:220px;padding:20px;\" src=\"https:\/\/www.grupodoutai.es\/wp-content\/uploads\/2020\/12\/Analog-Voip-gateways-thumb.png\" ><\/div><\/div><\/div><div id=\"x-section-3\" class=\"x-section\" style=\"margin: 0px;padding: 65px 0px; background-color: transparent;\" ><div id=\"\" class=\"x-container max width\" style=\"margin: 0px auto;padding: 0px;\" ><div id=\"\" class=\"x-container max width\" style=\"margin: 0px auto;padding: 0px;\" ><\/div><div  class=\"x-column x-sm x-1-1\" style=\"padding: 0px;\" >&nbsp;<\/div><\/div><div id=\"\" class=\"x-container max width\" style=\"margin: 0px auto;padding: 0px;\" ><div  class=\"x-column x-sm x-1-2\" style=\"padding: 25px 0px 0px;\" ><div id=\"\" class=\"x-text cs-ta-justify servicios-text\" style=\"\" ><p>La Inteligencia Artificial a su servicio: Control de accesos, central de alarmas, identificaci\u00f3n de matriculas, conteo de personas.<\/p>\n<p>Evite multas y fraude gracias al control biom\u00e9trico de personal y cumpla con la legislaci\u00f3n vigente, que en el BOE del 9 de Mayo de 2020 desaconseja la huella dactilar como m\u00e9todo de identificaci\u00f3n de personal debido a medidas higi\u00e9nicas por el Covid19<\/p>\n<\/div><\/div><div  class=\"x-column x-sm cs-ta-center x-1-2\" style=\"padding: 25px 0px 0px;\" ><img decoding=\"async\"  class=\"x-img x-img-none\" style=\"width:220px;padding:20px;\" src=\"https:\/\/www.grupodoutai.es\/wp-content\/uploads\/2021\/01\/dahua-hikvision.png\" ><img decoding=\"async\"  class=\"x-img x-img-none\" style=\"width:220px;padding:20px;\" src=\"https:\/\/www.grupodoutai.es\/wp-content\/uploads\/2021\/01\/conteo-personas.jpg\" ><\/div><\/div><\/div><div id=\"x-section-4\" class=\"x-section\" style=\"margin: 0px;padding: 65px 0px; background-color: transparent;\" ><div id=\"\" class=\"x-container max width\" style=\"margin: 0px auto;padding: 0px;\" ><div id=\"\" class=\"x-container max width\" style=\"margin: 0px auto;padding: 0px;\" ><\/div><div  class=\"x-column x-sm x-1-1\" style=\"padding: 0px;\" >&nbsp;<\/div><\/div><div id=\"\" class=\"x-container max width\" style=\"margin: 0px auto;padding: 0px;\" ><div  class=\"x-column x-sm x-1-2\" style=\"padding: 25px 0px 0px;\" ><div id=\"\" class=\"x-text cs-ta-justify servicios-text\" style=\"\" ><p>Soluci\u00f3n integral en el despliegue de redes tanto en cobre como fibra para servicios de Telefon\u00eda, TV, CCTV, firewalls y enrutadores.<br \/>\nRedes Wifi de alta velocidad y alta densidad de usuarios con gesti\u00f3n centralizada, Hotspot, Social Media y seguridad avanzada.<\/p>\n<\/div><\/div><div  class=\"x-column x-sm cs-ta-center x-1-2\" style=\"padding: 25px 0px 0px;\" ><img decoding=\"async\"  class=\"x-img x-img-none\" style=\"width:220px;padding:20px;\" src=\"https:\/\/www.grupodoutai.es\/wp-content\/uploads\/2021\/01\/ubiquiti-networks.png\" ><img decoding=\"async\"  class=\"x-img x-img-none\" style=\"width:200px;padding:20px;\" src=\"https:\/\/www.grupodoutai.es\/wp-content\/uploads\/2021\/01\/mikrotik.jpg\" ><\/div><\/div><\/div><div id=\"x-section-5\" class=\"x-section\" style=\"margin: 0px;padding: 65px 0px; background-color: transparent;\" ><div id=\"\" class=\"x-container max width\" style=\"margin: 0px auto;padding: 0px;\" ><div id=\"\" class=\"x-container max width\" style=\"margin: 0px auto;padding: 0px;\" ><\/div><div  class=\"x-column x-sm x-1-1\" style=\"padding: 0px;\" >&nbsp;<\/div><\/div><div id=\"\" class=\"x-container max width\" style=\"margin: 0px auto;padding: 0px;\" ><div  class=\"x-column x-sm x-1-2\" style=\"padding: 25px 0px 0px;\" ><div id=\"\" class=\"x-text cs-ta-justify servicios-text\" style=\"\" ><p>Hoy en d\u00eda a penas se concibe un despliegue de infraestructura sin tener en cuenta las grandes ventajas de la virtualizaci\u00f3n.<br \/>\nEvite costosos y complejos sistemas de Cluster y disfrute de un mejor aprovechamiento de recursos, flexibilidad, reducci\u00f3n de costes y resiliencia de su infraestructura.<\/p>\n<\/div><\/div><div  class=\"x-column x-sm cs-ta-center x-1-2\" style=\"padding: 25px 0px 0px;\" ><img decoding=\"async\"  class=\"x-img x-img-none\" style=\"width:400px;padding:20px;\" src=\"https:\/\/www.grupodoutai.es\/wp-content\/uploads\/2021\/01\/hyper-v-1.png\" ><img decoding=\"async\"  class=\"x-img x-img-none\" style=\"width:400px;padding:20px;\" src=\"https:\/\/www.grupodoutai.es\/wp-content\/uploads\/2021\/01\/proxmox.png\" ><\/div><\/div><\/div><div id=\"x-section-6\" class=\"x-section\" style=\"margin: 0px;padding: 65px 0px; background-color: transparent;\" ><div id=\"\" class=\"x-container max width\" style=\"margin: 0px auto;padding: 0px;\" ><div id=\"\" class=\"x-container max width\" style=\"margin: 0px auto;padding: 0px;\" ><\/div><div  class=\"x-column x-sm x-1-1\" style=\"padding: 0px;\" >&nbsp;<\/div><\/div><div id=\"\" class=\"x-container max width\" style=\"margin: 0px auto;padding: 0px;\" ><div  class=\"x-column x-sm x-1-2\" style=\"padding: 25px 0px 0px;\" ><div id=\"\" class=\"x-text cs-ta-justify servicios-text\" style=\"\" ><p>La experiencia nos ha demostrado que sin una correcta politica e infraestructura de copias de seguridad, es en el peor momento cuando aparecen sus deficiencias, causando perdidas de informacion y economicas de las que muchas empresas no llegan a recuperarse.<\/p>\n<p>Disponemos de infraestructura propia para gestionar y almacenar sus copias de seguridad sin que tenga que preocuparse de nada gracias a sistemas de Replicaci\u00f3n continua y Recuperaci\u00f3n inmediata en caso de desastre o ataque.<\/p>\n<p>Alojamiento web,  Acceso a ficheros v\u00eda web panel, ftp. Cuentas de correo electr\u00f3nico con dominio propio. Copias de seguridad. Gesti\u00f3n de dominios y subdominios.<\/p>\n<\/div><\/div><div  class=\"x-column x-sm cs-ta-center x-1-2\" style=\"padding: 25px 0px 0px;\" ><img decoding=\"async\"  class=\"x-img x-img-none\" style=\"width:200px;padding:20px;\" src=\"https:\/\/www.grupodoutai.es\/wp-content\/uploads\/2021\/01\/Web-Hosting.png\" ><img decoding=\"async\"  class=\"x-img x-img-none\" style=\"width:220px;padding:20px;\" src=\"https:\/\/www.grupodoutai.es\/wp-content\/uploads\/2021\/01\/nas.jpg\" ><img decoding=\"async\"  class=\"x-img x-img-none\" style=\"width:200px;padding:20px;\" src=\"https:\/\/www.grupodoutai.es\/wp-content\/uploads\/2025\/11\/partner_2024_silver.png\" ><\/div><\/div><\/div><div id=\"x-section-7\" class=\"x-section\" style=\"margin: 0px;padding: 65px 0px; background-color: transparent;\" ><div id=\"\" class=\"x-container max width\" style=\"margin: 0px auto;padding: 0px;\" ><div id=\"\" class=\"x-container max width\" style=\"margin: 0px auto;padding: 0px;\" ><\/div><div  class=\"x-column x-sm x-1-1\" style=\"padding: 0px;\" >&nbsp;<\/div><\/div><div id=\"\" class=\"x-container max width\" style=\"margin: 0px auto;padding: 0px;\" ><div  class=\"x-column x-sm x-1-2\" style=\"padding: 25px 0px 0px;\" ><div id=\"\" class=\"x-text cs-ta-justify servicios-text\" style=\"\" ><p>Somos desarrolladores y fabricantes de automatismos y soluciones dom\u00f3ticas para empresas.<br \/>\nRealizamos integraciones con su actual maquinaria para poder optimizar su rendimiento y ganar control gracias a informacion detallada de su funcionamiento.<\/p>\n<p>Como fabricantes especializados en impresion 3D podemos dise\u00f1ar los componentes que necesite o simplemente imprimir los suyos.<\/p>\n<\/div><\/div><div  class=\"x-column x-sm cs-ta-center x-1-2\" style=\"padding: 25px 0px 0px;\" ><img decoding=\"async\"  class=\"x-img x-img-none\" style=\"width:200px;padding:20px;\" src=\"https:\/\/www.grupodoutai.es\/wp-content\/uploads\/2021\/01\/3D-engranaje.jpg\" ><img decoding=\"async\"  class=\"x-img x-img-none\" style=\"width:220px;padding:20px;\" src=\"https:\/\/www.grupodoutai.es\/wp-content\/uploads\/2021\/01\/domotica.jpg\" ><\/div><\/div><\/div><div id=\"datacenters\" class=\"x-section\" style=\"margin: 0px;padding: 0px; background-color: hsl(0, 0%, 100%);\" ><div id=\"\" class=\"x-container max width\" style=\"margin: 0px auto;padding: 0px;\" ><\/div><\/div><\/div>\n","protected":false},"excerpt":{"rendered":"<p>&nbsp;Gracias a mas de 20 a\u00f1os de experiencia y nuestra red de Partners, podemos aportar una visi\u00f3n global y gesti\u00f3n unificada de proyectos, reduciendo tiempos de implementaci\u00f3n y costes. Dise\u00f1amos, supervisamos, implantamos y realizamos la puesta en marcha de sus proyectos clave. &nbsp;Como operador autorizado por la Comisi\u00f3n Nacional de los Mercados y la Competencia, ponemos a su disposicion las &#8230; <\/p>\n<div><a href=\"https:\/\/www.grupodoutai.es\/?page_id=409\" class=\"more-link\">Read More<\/a><\/div>\n","protected":false},"author":1,"featured_media":0,"parent":0,"menu_order":0,"comment_status":"closed","ping_status":"closed","template":"template-blank-4.php","meta":{"footnotes":""},"class_list":["post-409","page","type-page","status-publish","hentry","no-post-thumbnail"],"_links":{"self":[{"href":"https:\/\/www.grupodoutai.es\/index.php?rest_route=\/wp\/v2\/pages\/409","targetHints":{"allow":["GET"]}}],"collection":[{"href":"https:\/\/www.grupodoutai.es\/index.php?rest_route=\/wp\/v2\/pages"}],"about":[{"href":"https:\/\/www.grupodoutai.es\/index.php?rest_route=\/wp\/v2\/types\/page"}],"author":[{"embeddable":true,"href":"https:\/\/www.grupodoutai.es\/index.php?rest_route=\/wp\/v2\/users\/1"}],"replies":[{"embeddable":true,"href":"https:\/\/www.grupodoutai.es\/index.php?rest_route=%2Fwp%2Fv2%2Fcomments&post=409"}],"version-history":[{"count":56,"href":"https:\/\/www.grupodoutai.es\/index.php?rest_route=\/wp\/v2\/pages\/409\/revisions"}],"predecessor-version":[{"id":603,"href":"https:\/\/www.grupodoutai.es\/index.php?rest_route=\/wp\/v2\/pages\/409\/revisions\/603"}],"wp:attachment":[{"href":"https:\/\/www.grupodoutai.es\/index.php?rest_route=%2Fwp%2Fv2%2Fmedia&parent=409"}],"curies":[{"name":"wp","href":"https:\/\/api.w.org\/{rel}","templated":true}]}}